{"id":2372,"date":"2025-12-15T20:00:20","date_gmt":"2025-12-15T20:00:20","guid":{"rendered":"https:\/\/aktienpros.com\/?page_id=2372"},"modified":"2025-12-15T20:16:43","modified_gmt":"2025-12-15T20:16:43","slug":"datenschutz","status":"publish","type":"page","link":"https:\/\/aktienpros.com\/?page_id=2372","title":{"rendered":"Datenschutz"},"content":{"rendered":"\n<h2 class=\"wp-block-heading\"><strong>Wer wir sind<\/strong><\/h2>\n\n\n\n<p>Die Adresse unserer Website lautet: <a href=\"https:\/\/aktienpros.com\" target=\"_blank\" rel=\"noreferrer noopener\">https:\/\/aktienpros.com<\/a><\/p>\n\n\n\n<p><strong>Kommentare<\/strong><\/p>\n\n\n\n<p>Wenn Besucher Kommentare auf unserer Website hinterlassen, erfassen wir die im Kommentarformular eingegebenen Daten sowie die IP-Adresse und den Browser-User-Agent-String des Besuchers, um die Erkennung von Spam zu unterst\u00fctzen.<\/p>\n\n\n\n<p>Ein aus Ihrer E-Mail-Adresse erstellter anonymisierter Hash kann dem Gravatar-Dienst \u00fcbermittelt werden, um zu pr\u00fcfen, ob Sie diesen Dienst nutzen. Die Datenschutzerkl\u00e4rung von Gravatar finden Sie hier:<a href=\"https:\/\/automattic.com\/privacy\/\" target=\"_blank\" rel=\"noreferrer noopener\">https:\/\/automattic.com\/privacy\/<\/a>. Nach Freigabe Ihres Kommentars wird Ihr Profilbild \u00f6ffentlich im Zusammenhang mit diesem Kommentar angezeigt.<\/p>\n\n\n\n<h2 class=\"wp-block-heading\"><strong>Medien<\/strong><\/h2>\n\n\n\n<p>Wenn Sie Bilder auf unsere Website hochladen, sollten Sie darauf achten, dass diese keine eingebetteten Standortdaten (EXIF, GPS) enthalten. Besucher der Website k\u00f6nnen solche Standortdaten aus den hochgeladenen Bildern herunterladen und extrahieren.<\/p>\n\n\n\n<h2 class=\"wp-block-heading\"><strong>Cookies<\/strong><\/h2>\n\n\n\n<p>Wenn Sie einen Kommentar auf unserer Website hinterlassen, haben Sie die M\u00f6glichkeit, Ihren Namen, Ihre E-Mail-Adresse und Ihre Website in Cookies zu speichern. Diese Cookies dienen Ihrer Bequemlichkeit, sodass Sie Ihre Daten bei zuk\u00fcnftigen Kommentaren nicht erneut eingeben m\u00fcssen. Diese Cookies bleiben ein Jahr lang gespeichert.<\/p>\n\n\n\n<p>Wenn Sie unsere Anmeldeseite besuchen, setzen wir ein tempor\u00e4res Cookie, um zu \u00fcberpr\u00fcfen, ob Ihr Browser Cookies akzeptiert. Dieses Cookie enth\u00e4lt keine personenbezogenen Daten und wird gel\u00f6scht, sobald Sie Ihren Browser schlie\u00dfen.<\/p>\n\n\n\n<p>Bei der Anmeldung auf unserer Website setzen wir ebenfalls Cookies, um Ihre Anmeldeinformationen und Anzeigeeinstellungen zu speichern. Anmelde-Cookies sind zwei Tage g\u00fcltig, w\u00e4hrend Cookies f\u00fcr Anzeigeeinstellungen ein Jahr g\u00fcltig bleiben. Wenn Sie die Option \u201eAngemeldet bleiben\u201c w\u00e4hlen, bleibt Ihre Anmeldung zwei Wochen lang bestehen. Beim Abmelden von Ihrem Konto werden die Anmelde-Cookies entfernt.<\/p>\n\n\n\n<p>Wenn Sie einen Artikel bearbeiten oder ver\u00f6ffentlichen, wird ein zus\u00e4tzliches Cookie in Ihrem Browser gespeichert. Dieses Cookie enth\u00e4lt keine personenbezogenen Daten und verweist lediglich auf die ID des Artikels, den Sie gerade bearbeiten. Es verf\u00e4llt nach einem Tag.<\/p>\n\n\n\n<h2 class=\"wp-block-heading\"><strong>Eingebettete Inhalte von anderen Websites<\/strong><\/h2>\n\n\n\n<p>Beitr\u00e4ge auf dieser Website k\u00f6nnen eingebettete Inhalte wie Videos, Bilder oder Artikel enthalten. Eingebettete Inhalte von anderen Websites verhalten sich genauso, als h\u00e4tten Sie die jeweilige Website direkt besucht.<\/p>\n\n\n\n<p>Diese externen Websites k\u00f6nnen Daten \u00fcber Sie sammeln, Cookies verwenden, zus\u00e4tzliche Drittanbieter-Tracking-Dienste einbetten und Ihre Interaktionen mit den eingebetteten Inhalten \u00fcberwachen, insbesondere wenn Sie ein Konto auf der jeweiligen Website haben und dort eingeloggt sind.<\/p>\n\n\n\n<h2 class=\"wp-block-heading\"><strong>Mit wem wir Ihre Daten teilen<\/strong><\/h2>\n\n\n\n<p>Wenn Sie eine Passwortzur\u00fccksetzung anfordern, wird Ihre IP-Adresse in der E-Mail zur Zur\u00fccksetzung enthalten sein.<\/p>\n\n\n\n<h2 class=\"wp-block-heading\"><strong>Wie lange wir Ihre Daten speichern<\/strong><\/h2>\n\n\n\n<p>Kommentare und deren Metadaten werden auf unbestimmte Zeit gespeichert. Dadurch k\u00f6nnen wir Folgekommentare automatisch erkennen und freigeben, ohne dass eine Moderation erforderlich ist.<\/p>\n\n\n\n<p>F\u00fcr registrierte Benutzer auf unserer Website speichern wir auch die pers\u00f6nlichen Informationen, die im Benutzerprofil angegeben wurden. Alle Benutzer k\u00f6nnen ihre pers\u00f6nlichen Informationen jederzeit einsehen, bearbeiten oder l\u00f6schen (mit Ausnahme des Benutzernamens). Website-Administratoren k\u00f6nnen diese Informationen ebenfalls einsehen und bearbeiten.<\/p>\n\n\n\n<h2 class=\"wp-block-heading\"><strong>Welche Rechte Sie an Ihren Daten haben<\/strong><\/h2>\n\n\n\n<p>Wenn Sie ein Konto auf dieser Website besitzen oder Kommentare hinterlassen haben, k\u00f6nnen Sie eine Datei mit den personenbezogenen Daten anfordern, die wir \u00fcber Sie gespeichert haben. Dies umfasst auch alle Daten, die Sie uns bereitgestellt haben. Dar\u00fcber hinaus k\u00f6nnen Sie die L\u00f6schung Ihrer personenbezogenen Daten verlangen. Davon ausgenommen sind Daten, die wir aus administrativen, rechtlichen oder sicherheitsrelevanten Gr\u00fcnden aufbewahren m\u00fcssen.<\/p>\n\n\n\n<h2 class=\"wp-block-heading\"><strong>Wohin Ihre Daten gesendet werden<\/strong><\/h2>\n\n\n\n<p>Besucherkommentare k\u00f6nnen durch einen automatisierten Spam-Erkennungsdienst \u00fcberpr\u00fcft werden.<\/p>\n","protected":false},"excerpt":{"rendered":"<p>Wer wir sind Die Adresse unserer Website lautet: https:\/\/aktienpros.com Kommentare Wenn Besucher Kommentare auf unserer Website hinterlassen, erfassen wir die im Kommentarformular eingegebenen Daten sowie die IP-Adresse und den Browser-User-Agent-String des Besuchers, um die Erkennung von Spam zu unterst\u00fctzen. Ein aus Ihrer E-Mail-Adresse erstellter anonymisierter Hash kann dem Gravatar-Dienst \u00fcbermittelt werden, um zu pr\u00fcfen, ob [&hellip;]<\/p>\n","protected":false},"author":1,"featured_media":2202,"parent":0,"menu_order":0,"comment_status":"closed","ping_status":"closed","template":"","meta":{"footnotes":""},"class_list":["post-2372","page","type-page","status-publish","has-post-thumbnail"],"_links":{"self":[{"href":"https:\/\/aktienpros.com\/index.php?rest_route=\/wp\/v2\/pages\/2372","targetHints":{"allow":["GET"]}}],"collection":[{"href":"https:\/\/aktienpros.com\/index.php?rest_route=\/wp\/v2\/pages"}],"about":[{"href":"https:\/\/aktienpros.com\/index.php?rest_route=\/wp\/v2\/types\/page"}],"author":[{"embeddable":true,"href":"https:\/\/aktienpros.com\/index.php?rest_route=\/wp\/v2\/users\/1"}],"replies":[{"embeddable":true,"href":"https:\/\/aktienpros.com\/index.php?rest_route=%2Fwp%2Fv2%2Fcomments&post=2372"}],"version-history":[{"count":1,"href":"https:\/\/aktienpros.com\/index.php?rest_route=\/wp\/v2\/pages\/2372\/revisions"}],"predecessor-version":[{"id":2373,"href":"https:\/\/aktienpros.com\/index.php?rest_route=\/wp\/v2\/pages\/2372\/revisions\/2373"}],"wp:featuredmedia":[{"embeddable":true,"href":"https:\/\/aktienpros.com\/index.php?rest_route=\/wp\/v2\/media\/2202"}],"wp:attachment":[{"href":"https:\/\/aktienpros.com\/index.php?rest_route=%2Fwp%2Fv2%2Fmedia&parent=2372"}],"curies":[{"name":"wp","href":"https:\/\/api.w.org\/{rel}","templated":true}]}}